{"id":1435,"date":"2025-04-24T01:10:54","date_gmt":"2025-04-24T01:10:54","guid":{"rendered":"https:\/\/abascalarquitectos.com\/?page_id=1435"},"modified":"2025-05-16T18:26:05","modified_gmt":"2025-05-16T18:26:05","slug":"buzon-de-quejas-y-sugerencias","status":"publish","type":"page","link":"https:\/\/abascalarquitectos.com\/en\/buzon-de-quejas-y-sugerencias\/","title":{"rendered":"Complaints and Suggestions Mailbox"},"content":{"rendered":"\t\t<div data-elementor-type=\"wp-page\" data-elementor-id=\"1435\" class=\"elementor elementor-1435\">\n\t\t\t\t<div class=\"elementor-element elementor-element-0a3cbe1 e-flex e-con-boxed wpr-particle-no wpr-jarallax-no wpr-parallax-no wpr-sticky-section-no wpr-equal-height-no e-con e-parent\" data-id=\"0a3cbe1\" data-element_type=\"container\" data-e-type=\"container\" data-settings=\"{&quot;background_background&quot;:&quot;classic&quot;}\">\n\t\t\t\t\t<div class=\"e-con-inner\">\n\t\t\t\t<div class=\"elementor-element elementor-element-5bf6b02 elementor-widget elementor-widget-heading\" data-id=\"5bf6b02\" data-element_type=\"widget\" data-e-type=\"widget\" data-widget_type=\"heading.default\">\n\t\t\t\t<div class=\"elementor-widget-container\">\n\t\t\t\t\t<h2 class=\"elementor-heading-title elementor-size-default\">Buz\u00f3n de Quejas y Sugerencias<\/h2>\t\t\t\t<\/div>\n\t\t\t\t<\/div>\n\t\t\t\t<div class=\"elementor-element elementor-element-c75c192 elementor-widget-divider--separator-type-pattern elementor-widget-divider--view-line elementor-widget elementor-widget-divider\" data-id=\"c75c192\" data-element_type=\"widget\" data-e-type=\"widget\" data-widget_type=\"divider.default\">\n\t\t\t\t<div class=\"elementor-widget-container\">\n\t\t\t\t\t\t\t<div class=\"elementor-divider\" style=\"--divider-pattern-url: url(&quot;data:image\/svg+xml,%3Csvg xmlns=&#039;http:\/\/www.w3.org\/2000\/svg&#039; preserveAspectRatio=&#039;none&#039; overflow=&#039;visible&#039; height=&#039;100%&#039; viewBox=&#039;0 0 24 24&#039; fill=&#039;black&#039; stroke=&#039;none&#039;%3E%3Cpolygon points=&#039;9.4,2 24,2 14.6,21.6 0,21.6&#039;\/%3E%3C\/svg%3E&quot;);\">\n\t\t\t<span class=\"elementor-divider-separator\">\n\t\t\t\t\t\t<\/span>\n\t\t<\/div>\n\t\t\t\t\t\t<\/div>\n\t\t\t\t<\/div>\n\t\t\t\t<div class=\"elementor-element elementor-element-be9c6a4 elementor-widget elementor-widget-heading\" data-id=\"be9c6a4\" data-element_type=\"widget\" data-e-type=\"widget\" data-widget_type=\"heading.default\">\n\t\t\t\t<div class=\"elementor-widget-container\">\n\t\t\t\t\t<h2 class=\"elementor-heading-title elementor-size-default\">Tu opini\u00f3n es importante para nosotros<\/h2>\t\t\t\t<\/div>\n\t\t\t\t<\/div>\n\t\t\t\t\t<\/div>\n\t\t\t\t<\/div>\n\t\t<div class=\"elementor-element elementor-element-e7d59c5 e-flex e-con-boxed wpr-particle-no wpr-jarallax-no wpr-parallax-no wpr-sticky-section-no wpr-equal-height-no e-con e-parent\" data-id=\"e7d59c5\" data-element_type=\"container\" data-e-type=\"container\">\n\t\t\t\t\t<div class=\"e-con-inner\">\n\t\t<div class=\"elementor-element elementor-element-596e190 e-con-full e-flex wpr-particle-no wpr-jarallax-no wpr-parallax-no wpr-sticky-section-no wpr-equal-height-no e-con e-child\" data-id=\"596e190\" data-element_type=\"container\" data-e-type=\"container\">\n\t\t<div class=\"elementor-element elementor-element-8f0e2ee e-flex e-con-boxed wpr-particle-no wpr-jarallax-no wpr-parallax-no wpr-sticky-section-no wpr-equal-height-no e-con e-child\" data-id=\"8f0e2ee\" data-element_type=\"container\" data-e-type=\"container\">\n\t\t\t\t\t<div class=\"e-con-inner\">\n\t\t\t\t<div class=\"elementor-element elementor-element-644a8f6 elementor-widget elementor-widget-heading\" data-id=\"644a8f6\" data-element_type=\"widget\" data-e-type=\"widget\" data-widget_type=\"heading.default\">\n\t\t\t\t<div class=\"elementor-widget-container\">\n\t\t\t\t\t<h2 class=\"elementor-heading-title elementor-size-default\">Comparte tu opini\u00f3n para mejorar nuestros servicios<\/h2>\t\t\t\t<\/div>\n\t\t\t\t<\/div>\n\t\t\t\t<div class=\"elementor-element elementor-element-06d837d elementor-widget elementor-widget-text-editor\" data-id=\"06d837d\" data-element_type=\"widget\" data-e-type=\"widget\" data-widget_type=\"text-editor.default\">\n\t\t\t\t<div class=\"elementor-widget-container\">\n\t\t\t\t\t\t\t\t\t<p><span class=\"relative -mx-px my-[-0.2rem] rounded px-px py-[0.2rem] transition-colors duration-100 ease-in-out\">En <strong data-start=\"3\" data-end=\"26\">Abascal Arquitectos<\/strong>, valoramos tu opini\u00f3n para mejorar continuamente nuestros servicios de arquitectura en Canc\u00fan y la Riviera Maya.<\/span> <span class=\"relative -mx-px my-[-0.2rem] rounded px-px py-[0.2rem] transition-colors duration-100 ease-in-out\">Si tienes alguna queja, sugerencia o comentario, por favor comp\u00e1rtelo con nosotros a trav\u00e9s de este formulario.<\/span> <span class=\"relative -mx-px my-[-0.2rem] rounded px-px py-[0.2rem] transition-colors duration-100 ease-in-out\">Tu retroalimentaci\u00f3n es fundamental para ofrecerte una experiencia excepcional.<\/span><\/p>\t\t\t\t\t\t\t\t<\/div>\n\t\t\t\t<\/div>\n\t\t\t\t<div class=\"elementor-element elementor-element-47ae411 elementor-alert-warning elementor-widget elementor-widget-alert\" data-id=\"47ae411\" data-element_type=\"widget\" data-e-type=\"widget\" data-widget_type=\"alert.default\">\n\t\t\t\t<div class=\"elementor-widget-container\">\n\t\t\t\t\t\t\t<div class=\"elementor-alert\" role=\"alert\">\n\n\t\t\t\t\t\t<span class=\"elementor-alert-title\">Nota<\/span>\n\t\t\t\n\t\t\t\t\t\t<span class=\"elementor-alert-description\">La informaci\u00f3n proporcionada ser\u00e1 tratada con confidencialidad y utilizada exclusivamente para fines de mejora interna.<\/span>\n\t\t\t\n\t\t\t\n\t\t<\/div>\n\t\t\t\t\t\t<\/div>\n\t\t\t\t<\/div>\n\t\t\t\t\t<\/div>\n\t\t\t\t<\/div>\n\t\t<div class=\"elementor-element elementor-element-0a90fd9 e-flex e-con-boxed wpr-particle-no wpr-jarallax-no wpr-parallax-no wpr-sticky-section-no wpr-equal-height-no e-con e-child\" data-id=\"0a90fd9\" data-element_type=\"container\" data-e-type=\"container\">\n\t\t\t\t\t<div class=\"e-con-inner\">\n\t\t\t\t<div class=\"elementor-element elementor-element-e972ce1 wpr-forms-align-left wpr-forms-submit-left elementor-widget elementor-widget-wpr-forms\" data-id=\"e972ce1\" data-element_type=\"widget\" data-e-type=\"widget\" data-widget_type=\"wpr-forms.default\">\n\t\t\t\t<div class=\"elementor-widget-container\">\n\t\t\t\t\t<div class=\"wpr-forms-container wpr-custom-chk-radio\">\n<div class=\"wpcf7 no-js\" id=\"wpcf7-f1996-o1\" lang=\"es-ES\" dir=\"ltr\" data-wpcf7-id=\"1996\">\n<div class=\"screen-reader-response\"><p role=\"status\" aria-live=\"polite\" aria-atomic=\"true\"><\/p> <ul><\/ul><\/div>\n<form action=\"\/en\/wp-json\/wp\/v2\/pages\/1435#wpcf7-f1996-o1\" method=\"post\" class=\"wpcf7-form init\" aria-label=\"Formulario de contacto\" novalidate=\"novalidate\" data-status=\"init\">\n<fieldset class=\"hidden-fields-container\"><input type=\"hidden\" name=\"_wpcf7\" value=\"1996\" \/><input type=\"hidden\" name=\"_wpcf7_version\" value=\"6.1.5\" \/><input type=\"hidden\" name=\"_wpcf7_locale\" value=\"es_ES\" \/><input type=\"hidden\" name=\"_wpcf7_unit_tag\" value=\"wpcf7-f1996-o1\" \/><input type=\"hidden\" name=\"_wpcf7_container_post\" value=\"0\" \/><input type=\"hidden\" name=\"_wpcf7_posted_data_hash\" value=\"\" \/>\n<\/fieldset>\n<p><label> Tu nombre<br \/>\n<span class=\"wpcf7-form-control-wrap\" data-name=\"your-name\"><input size=\"40\" maxlength=\"400\" class=\"wpcf7-form-control wpcf7-text\" autocomplete=\"name\" aria-invalid=\"false\" placeholder=\"Nombre Completo\" value=\"\" type=\"text\" name=\"your-name\" \/><\/span> <\/label>\n<\/p>\n<p><label> Tu correo electr\u00f3nico<br \/>\n<span class=\"wpcf7-form-control-wrap\" data-name=\"your-email\"><input size=\"40\" maxlength=\"400\" class=\"wpcf7-form-control wpcf7-email wpcf7-validates-as-required wpcf7-text wpcf7-validates-as-email\" autocomplete=\"email\" aria-required=\"true\" aria-invalid=\"false\" placeholder=\"Escriba su Correo*\" value=\"\" type=\"email\" name=\"your-email\" \/><\/span> <\/label>\n<\/p>\n<p><label> Whatsapp<br \/>\n<span class=\"wpcf7-form-control-wrap\" data-name=\"your-phone\"><input size=\"40\" maxlength=\"400\" class=\"wpcf7-form-control wpcf7-tel wpcf7-text wpcf7-validates-as-tel\" autocomplete=\"phone\" aria-invalid=\"false\" placeholder=\"Escriba su N\u00famero\" value=\"\" type=\"tel\" name=\"your-phone\" \/><\/span><\/label>\n<\/p>\n<p><label>DATOS AN\u00d3NIMOS<br \/>\n<\/label>\n<\/p>\n<p><br \/>\n<span class=\"wpcf7-form-control-wrap\" data-name=\"Anonimo\"><span class=\"wpcf7-form-control wpcf7-acceptance optional\"><span class=\"wpcf7-list-item\"><label><input type=\"checkbox\" name=\"Anonimo\" value=\"1\" aria-invalid=\"false\" \/><span class=\"wpcf7-list-item-label\">Mensaje An\u00f3nimo<\/span><\/label><\/span><\/span><\/span>\n<\/p>\n<p><br \/>\n<label> ASUNTO<br \/>\n<\/label>\n<\/p>\n<p><br \/>\n<span class=\"wpcf7-form-control-wrap\" data-name=\"checkbox-724\"><span class=\"wpcf7-form-control wpcf7-checkbox\"><span class=\"wpcf7-list-item first\"><label><input type=\"checkbox\" name=\"checkbox-724[]\" value=\"Queja\" \/><span class=\"wpcf7-list-item-label\">Queja<\/span><\/label><\/span><span class=\"wpcf7-list-item\"><label><input type=\"checkbox\" name=\"checkbox-724[]\" value=\"Reclamo\" \/><span class=\"wpcf7-list-item-label\">Reclamo<\/span><\/label><\/span><span class=\"wpcf7-list-item\"><label><input type=\"checkbox\" name=\"checkbox-724[]\" value=\"Observaci\u00f3n\" \/><span class=\"wpcf7-list-item-label\">Observaci\u00f3n<\/span><\/label><\/span><span class=\"wpcf7-list-item\"><label><input type=\"checkbox\" name=\"checkbox-724[]\" value=\"Sugerencia\" \/><span class=\"wpcf7-list-item-label\">Sugerencia<\/span><\/label><\/span><span class=\"wpcf7-list-item last\"><label><input type=\"checkbox\" name=\"checkbox-724[]\" value=\"Felicitaci\u00f3n\" \/><span class=\"wpcf7-list-item-label\">Felicitaci\u00f3n<\/span><\/label><\/span><\/span><\/span>\n<\/p>\n<p><label> Tu mensaje (opcional)<br \/>\n<span class=\"wpcf7-form-control-wrap\" data-name=\"your-message\"><textarea cols=\"40\" rows=\"10\" maxlength=\"2000\" class=\"wpcf7-form-control wpcf7-textarea\" aria-invalid=\"false\" placeholder=\"Escr\u00edbanos su mensaje u observaciones.\" name=\"your-message\"><\/textarea><\/span><br \/>\n<\/label>\n<\/p>\n<p><input class=\"wpcf7-form-control wpcf7-submit has-spinner\" type=\"submit\" value=\"Enviar Mensaje\" \/>\n<\/p><p style=\"display: none !important;\" class=\"akismet-fields-container\" data-prefix=\"_wpcf7_ak_\"><label>&#916;<textarea name=\"_wpcf7_ak_hp_textarea\" cols=\"45\" rows=\"8\" maxlength=\"100\"><\/textarea><\/label><input type=\"hidden\" id=\"ak_js_1\" name=\"_wpcf7_ak_js\" value=\"126\"\/><script>document.getElementById( \"ak_js_1\" ).setAttribute( \"value\", ( new Date() ).getTime() );<\/script><\/p><div class=\"wpcf7-response-output\" aria-hidden=\"true\"><\/div>\n<\/form>\n<\/div>\n<\/div>\t\t\t\t<\/div>\n\t\t\t\t<\/div>\n\t\t\t\t\t<\/div>\n\t\t\t\t<\/div>\n\t\t\t\t<\/div>\n\t\t\t\t\t<\/div>\n\t\t\t\t<\/div>\n\t\t\t\t<\/div>\n\t\t","protected":false},"excerpt":{"rendered":"<p>Buz\u00f3n de Quejas y Sugerencias Tu opini\u00f3n es importante para nosotros Comparte tu opini\u00f3n para mejorar nuestros servicios En Abascal Arquitectos, valoramos tu opini\u00f3n para mejorar continuamente nuestros servicios de arquitectura en Canc\u00fan y la Riviera Maya. Si tienes alguna queja, sugerencia o comentario, por favor comp\u00e1rtelo con nosotros a trav\u00e9s de este formulario. Tu retroalimentaci\u00f3n es fundamental para ofrecerte una experiencia excepcional. Nota La informaci\u00f3n proporcionada ser\u00e1 tratada con confidencialidad y utilizada exclusivamente para fines de mejora interna. Tu nombre Tu correo electr\u00f3nico Whatsapp DATOS AN\u00d3NIMOSMensaje An\u00f3nimo ASUNTOQuejaReclamoObservaci\u00f3nSugerenciaFelicitaci\u00f3n Tu mensaje (opcional)<\/p>","protected":false},"author":1,"featured_media":0,"parent":0,"menu_order":0,"comment_status":"closed","ping_status":"closed","template":"elementor_canvas","meta":{"_uag_custom_page_level_css":"","footnotes":""},"class_list":["post-1435","page","type-page","status-publish","hentry"],"yoast_head":"<!-- This site is optimized with the Yoast SEO plugin v27.4 - https:\/\/yoast.com\/product\/yoast-seo-wordpress\/ -->\n<title>Buz\u00f3n de Quejas y Sugerencias - Abascal Arquitectos<\/title>\n<meta name=\"robots\" content=\"index, nofollow, max-snippet:-1, max-image-preview:large, max-video-preview:-1\" \/>\n<link rel=\"canonical\" href=\"https:\/\/abascalarquitectos.com\/en\/buzon-de-quejas-y-sugerencias\/\" \/>\n<meta property=\"og:locale\" content=\"en_US\" \/>\n<meta property=\"og:type\" content=\"article\" \/>\n<meta property=\"og:title\" content=\"Buz\u00f3n de Quejas y Sugerencias - Abascal Arquitectos\" \/>\n<meta property=\"og:description\" content=\"Buz\u00f3n de Quejas y Sugerencias Tu opini\u00f3n es importante para nosotros Comparte tu opini\u00f3n para mejorar nuestros servicios En Abascal Arquitectos, valoramos tu opini\u00f3n para mejorar continuamente nuestros servicios de arquitectura en Canc\u00fan y la Riviera Maya. Si tienes alguna queja, sugerencia o comentario, por favor comp\u00e1rtelo con nosotros a trav\u00e9s de este formulario. Tu retroalimentaci\u00f3n es fundamental para ofrecerte una experiencia excepcional. Nota La informaci\u00f3n proporcionada ser\u00e1 tratada con confidencialidad y utilizada exclusivamente para fines de mejora interna. Tu nombre Tu correo electr\u00f3nico Whatsapp DATOS AN\u00d3NIMOSMensaje An\u00f3nimo ASUNTOQuejaReclamoObservaci\u00f3nSugerenciaFelicitaci\u00f3n Tu mensaje (opcional)\" \/>\n<meta property=\"og:url\" content=\"https:\/\/abascalarquitectos.com\/en\/buzon-de-quejas-y-sugerencias\/\" \/>\n<meta property=\"og:site_name\" content=\"Abascal Arquitectos\" \/>\n<meta property=\"article:modified_time\" content=\"2025-05-16T18:26:05+00:00\" \/>\n<meta name=\"twitter:card\" content=\"summary_large_image\" \/>\n<meta name=\"twitter:label1\" content=\"Est. reading time\" \/>\n\t<meta name=\"twitter:data1\" content=\"1 minute\" \/>\n<script type=\"application\/ld+json\" class=\"yoast-schema-graph\">{\"@context\":\"https:\\\/\\\/schema.org\",\"@graph\":[{\"@type\":\"WebPage\",\"@id\":\"https:\\\/\\\/abascalarquitectos.com\\\/buzon-de-quejas-y-sugerencias\\\/\",\"url\":\"https:\\\/\\\/abascalarquitectos.com\\\/buzon-de-quejas-y-sugerencias\\\/\",\"name\":\"Buz\u00f3n de Quejas y Sugerencias - Abascal Arquitectos\",\"isPartOf\":{\"@id\":\"https:\\\/\\\/abascalarquitectos.com\\\/#website\"},\"datePublished\":\"2025-04-24T01:10:54+00:00\",\"dateModified\":\"2025-05-16T18:26:05+00:00\",\"breadcrumb\":{\"@id\":\"https:\\\/\\\/abascalarquitectos.com\\\/buzon-de-quejas-y-sugerencias\\\/#breadcrumb\"},\"inLanguage\":\"en-US\",\"potentialAction\":[{\"@type\":\"ReadAction\",\"target\":[\"https:\\\/\\\/abascalarquitectos.com\\\/buzon-de-quejas-y-sugerencias\\\/\"]}]},{\"@type\":\"BreadcrumbList\",\"@id\":\"https:\\\/\\\/abascalarquitectos.com\\\/buzon-de-quejas-y-sugerencias\\\/#breadcrumb\",\"itemListElement\":[{\"@type\":\"ListItem\",\"position\":1,\"name\":\"Portada\",\"item\":\"https:\\\/\\\/abascalarquitectos.com\\\/\"},{\"@type\":\"ListItem\",\"position\":2,\"name\":\"Buz\u00f3n de Quejas y Sugerencias\"}]},{\"@type\":\"WebSite\",\"@id\":\"https:\\\/\\\/abascalarquitectos.com\\\/#website\",\"url\":\"https:\\\/\\\/abascalarquitectos.com\\\/\",\"name\":\"Abascal Arquitectos\",\"description\":\"Dise&ntilde;amos espacios donde querr&aacute;s vivir\",\"potentialAction\":[{\"@type\":\"SearchAction\",\"target\":{\"@type\":\"EntryPoint\",\"urlTemplate\":\"https:\\\/\\\/abascalarquitectos.com\\\/?s={search_term_string}\"},\"query-input\":{\"@type\":\"PropertyValueSpecification\",\"valueRequired\":true,\"valueName\":\"search_term_string\"}}],\"inLanguage\":\"en-US\"}]}<\/script>\n<!-- \/ Yoast SEO plugin. -->","yoast_head_json":{"title":"Buz\u00f3n de Quejas y Sugerencias - Abascal Arquitectos","robots":{"index":"index","follow":"nofollow","max-snippet":"max-snippet:-1","max-image-preview":"max-image-preview:large","max-video-preview":"max-video-preview:-1"},"canonical":"https:\/\/abascalarquitectos.com\/en\/buzon-de-quejas-y-sugerencias\/","og_locale":"en_US","og_type":"article","og_title":"Buz\u00f3n de Quejas y Sugerencias - Abascal Arquitectos","og_description":"Buz\u00f3n de Quejas y Sugerencias Tu opini\u00f3n es importante para nosotros Comparte tu opini\u00f3n para mejorar nuestros servicios En Abascal Arquitectos, valoramos tu opini\u00f3n para mejorar continuamente nuestros servicios de arquitectura en Canc\u00fan y la Riviera Maya. Si tienes alguna queja, sugerencia o comentario, por favor comp\u00e1rtelo con nosotros a trav\u00e9s de este formulario. Tu retroalimentaci\u00f3n es fundamental para ofrecerte una experiencia excepcional. Nota La informaci\u00f3n proporcionada ser\u00e1 tratada con confidencialidad y utilizada exclusivamente para fines de mejora interna. Tu nombre Tu correo electr\u00f3nico Whatsapp DATOS AN\u00d3NIMOSMensaje An\u00f3nimo ASUNTOQuejaReclamoObservaci\u00f3nSugerenciaFelicitaci\u00f3n Tu mensaje (opcional)","og_url":"https:\/\/abascalarquitectos.com\/en\/buzon-de-quejas-y-sugerencias\/","og_site_name":"Abascal Arquitectos","article_modified_time":"2025-05-16T18:26:05+00:00","twitter_card":"summary_large_image","twitter_misc":{"Est. reading time":"1 minute"},"schema":{"@context":"https:\/\/schema.org","@graph":[{"@type":"WebPage","@id":"https:\/\/abascalarquitectos.com\/buzon-de-quejas-y-sugerencias\/","url":"https:\/\/abascalarquitectos.com\/buzon-de-quejas-y-sugerencias\/","name":"Buz\u00f3n de Quejas y Sugerencias - Abascal Arquitectos","isPartOf":{"@id":"https:\/\/abascalarquitectos.com\/#website"},"datePublished":"2025-04-24T01:10:54+00:00","dateModified":"2025-05-16T18:26:05+00:00","breadcrumb":{"@id":"https:\/\/abascalarquitectos.com\/buzon-de-quejas-y-sugerencias\/#breadcrumb"},"inLanguage":"en-US","potentialAction":[{"@type":"ReadAction","target":["https:\/\/abascalarquitectos.com\/buzon-de-quejas-y-sugerencias\/"]}]},{"@type":"BreadcrumbList","@id":"https:\/\/abascalarquitectos.com\/buzon-de-quejas-y-sugerencias\/#breadcrumb","itemListElement":[{"@type":"ListItem","position":1,"name":"Portada","item":"https:\/\/abascalarquitectos.com\/"},{"@type":"ListItem","position":2,"name":"Buz\u00f3n de Quejas y Sugerencias"}]},{"@type":"WebSite","@id":"https:\/\/abascalarquitectos.com\/#website","url":"https:\/\/abascalarquitectos.com\/","name":"Abascal Architects","description":"Dise&ntilde;amos espacios donde querr&aacute;s vivir","potentialAction":[{"@type":"SearchAction","target":{"@type":"EntryPoint","urlTemplate":"https:\/\/abascalarquitectos.com\/?s={search_term_string}"},"query-input":{"@type":"PropertyValueSpecification","valueRequired":true,"valueName":"search_term_string"}}],"inLanguage":"en-US"}]}},"uagb_featured_image_src":{"full":false,"thumbnail":false,"medium":false,"medium_large":false,"large":false,"1536x1536":false,"2048x2048":false,"trp-custom-language-flag":false},"uagb_author_info":{"display_name":"admin","author_link":"https:\/\/abascalarquitectos.com\/en\/author\/admin\/"},"uagb_comment_info":0,"uagb_excerpt":"Buz\u00f3n de Quejas y Sugerencias Tu opini\u00f3n es importante para nosotros Comparte tu opini\u00f3n para mejorar nuestros servicios En Abascal Arquitectos, valoramos tu opini\u00f3n para mejorar continuamente nuestros servicios de arquitectura en Canc\u00fan y la Riviera Maya. Si tienes alguna queja, sugerencia o comentario, por favor comp\u00e1rtelo con nosotros a trav\u00e9s de este formulario. Tu&hellip;","_links":{"self":[{"href":"https:\/\/abascalarquitectos.com\/en\/wp-json\/wp\/v2\/pages\/1435","targetHints":{"allow":["GET"]}}],"collection":[{"href":"https:\/\/abascalarquitectos.com\/en\/wp-json\/wp\/v2\/pages"}],"about":[{"href":"https:\/\/abascalarquitectos.com\/en\/wp-json\/wp\/v2\/types\/page"}],"author":[{"embeddable":true,"href":"https:\/\/abascalarquitectos.com\/en\/wp-json\/wp\/v2\/users\/1"}],"replies":[{"embeddable":true,"href":"https:\/\/abascalarquitectos.com\/en\/wp-json\/wp\/v2\/comments?post=1435"}],"version-history":[{"count":13,"href":"https:\/\/abascalarquitectos.com\/en\/wp-json\/wp\/v2\/pages\/1435\/revisions"}],"predecessor-version":[{"id":2002,"href":"https:\/\/abascalarquitectos.com\/en\/wp-json\/wp\/v2\/pages\/1435\/revisions\/2002"}],"wp:attachment":[{"href":"https:\/\/abascalarquitectos.com\/en\/wp-json\/wp\/v2\/media?parent=1435"}],"curies":[{"name":"wp","href":"https:\/\/api.w.org\/{rel}","templated":true}]}}